
{"id":139,"date":"2020-04-23T17:08:11","date_gmt":"2020-04-23T14:08:11","guid":{"rendered":"https:\/\/www.marketingforgood.ro\/?page_id=139"},"modified":"2020-04-30T20:11:45","modified_gmt":"2020-04-30T17:11:45","slug":"regulament","status":"publish","type":"page","link":"https:\/\/www.backtobusiness.ro\/marketingforgood\/regulament\/","title":{"rendered":"Regulament"},"content":{"rendered":"\n<p>Prin utilizarea acestui site, to\u021bi ce implica\u021bi (agen\u021bii sau companii) accept\u0103 s\u0103 respecte urm\u0103torul regulament:<\/p>\n\n\n\n<h4><strong>1. Responsabilitate&nbsp;<\/strong><\/h4>\n\n\n\n<p>1.1.&nbsp;Platforma<em> Romania, Back to Business, Evensys<\/em> \u0219i <em>Doza de Comunicare<\/em> asigur\u0103 doar intermedierea rela\u021biei dintre agen\u021bie \u0219i business \u0219i nu garanteaz\u0103 finalitatea \u0219i continuitatea serviciilor.&nbsp;<\/p>\n\n\n\n<p>1.2.Platforma<em> Romania, Back to Business, Evensys<\/em> \u0219i <em>Doza de Comunicare<\/em> se implic\u0103 doar \u00een stabilirea contactului ini\u021bial dintre agen\u021bii \u0219i business-uri, acestea din urm\u0103 fiind responsabile pentru continuarea discu\u021biilor, stabilirea modului \u00een care \u00ee\u0219i desf\u0103\u0219oar\u0103 rela\u021bia \u0219i \u00eencetarea colabor\u0103rii.&nbsp;<\/p>\n\n\n\n<p>1.3.&nbsp;Platforma<em> Romania, Back to Business, Evensys<\/em> \u0219i <em>Doza de Comunicare<\/em> \u0219i agen\u021biile implicate \u00een proiect nu garanteaz\u0103 rezultatele colabor\u0103rii. Acestea depind de modul \u00een care business-ul alege s\u0103 implementeze \u0219i s\u0103 adapteze consultan\u021ba oferit\u0103, s\u0103 aplice sau s\u0103 continue serviciile recomandate.&nbsp;<\/p>\n\n\n\n<p>1.4. Platforma&nbsp;<em>Romania<\/em>, <em>Back to Business<\/em>, <em>Evensys<\/em> \u0219i <em>Doza de Comunicare<\/em> sunt doar intermediari \u00een stabilirea contactului ini\u021bial dintre agen\u021bie \u0219i companie, modul \u00een care aceastea \u00ee\u0219i vor desf\u0103\u0219ura mai departe colaborarea \u021bine de responsabilitatea agen\u021biei, respectiv a companiei.<\/p>\n\n\n\n<h4><strong>2. Colaborarea agen\u021bie-business<\/strong><\/h4>\n\n\n\n<p>2.1. Agen\u021biile \u00ee\u0219i rezerv\u0103 dreptul de a alege business-ul cu care colaboreaz\u0103, \u00een func\u021bie de propriile criterii de expertiz\u0103 \u0219i compatibilitate.&nbsp;<\/p>\n\n\n\n<p>2.2. Agen\u021biile vor stabili termenii colabor\u0103rii, num\u0103rul de clien\u021bi c\u0103rora le pot oferi ajutorul, num\u0103rul de sesiuni de consultan\u021b\u0103 sau ce servicii punctuale pot oferi \u0219i pe ce perioad\u0103 de timp. Tot agen\u021biile vor stabili, de comun acord cu business-urile, modul de comunicare (prin mesaje\/mail-uri, prin tool-uri de audio sau video conferin\u021b\u0103).<\/p>\n\n\n\n<p>2.3. Business-urile se angajeaz\u0103 s\u0103 ofere toate detaliile \u0219i informa\u021biile necesare \u0219i solicitate de agen\u021bii, \u00een mod onest \u0219i transparent, pentru ca acestea s\u0103-\u0219i ofere consultan\u021ba \u0219i serviciile \u00een cuno\u0219tin\u021b\u0103 de cauz\u0103 \u0219i adaptate situa\u021biei \u00een care se afl\u0103 business-ul la momentul actual.&nbsp;<\/p>\n\n\n\n<p>2.4. Serviciile donate prin intermediul platformei <em>Romania, Back to Business<\/em> \u0219i prestate de agen\u021biile implicate nu sunt pl\u0103tite, \u00eens\u0103, orice alte activit\u0103\u021bi \u00een afara celor men\u021bionate deja pe platform\u0103 pot fi oferite gratuit sau contra cost la decizia agen\u021biei. \u00cen cazul \u00een care vor exista costuri cu ter\u021bi, acestea vor fi suporte de business-uri.&nbsp;<\/p>\n\n\n\n<p>2.5. \u00cencetarea colabor\u0103rii se poate face unilateral de c\u0103tre agen\u021bie \u00een momentul \u00een care aceasta a prestat num\u0103rul de ore donate sau de comun acord cu business-ul, \u00een func\u021bie de decizia pe care ace\u0219tia o iau \u00eempreun\u0103 privind continuarea colabor\u0103rii.<\/p>\n\n\n\n<p>2.6. Toate companiile care doresc s\u0103 beneficieze de ajutor din partea agen\u021biilor vor completa <a rel=\"noreferrer noopener\" href=\"https:\/\/docs.google.com\/forms\/d\/e\/1FAIpQLSciGCd46wNo6jeIpCZtbUzXO-6vtJ0zZ9AZbwsySE2PzSKr1w\/viewform\" target=\"_blank\">formularul<\/a> de cerere de servicii \u0219i sunt de acord s\u0103 nu contacteze \u00een mod direct agen\u021biile implicate \u00een proiect. Agen\u021biile care vor fi contactate direct de c\u0103tre companii vor fi rugate s\u0103 redirec\u021bioneze cererile c\u0103tre Marketing for Good pentru evaluarea ini\u021bial\u0103.<\/p>\n\n\n\n<p>2.7. Companiile vor putea s\u0103 solicite sprijin o singur\u0103 dat\u0103 de la o singur\u0103 agen\u021bie pentru partea de consultan\u021b\u0103, s\u0103 beneficieze de un singur serviciu \u0219i de maxim 3 sesiuni cu consultan\u021bi diferi\u021bi din sec\u021biunea <a href=\"https:\/\/www.backtobusiness.ro\/marketingforgood\/category\/pick-my-brain\/#up\" target=\"_blank\" rel=\"noreferrer noopener\">Pick my brain<\/a>.<\/p>\n\n\n\n<p>\u00cen cazul \u00een care apar neclarit\u0103\u021bi \u00een prima faz\u0103, c\u00e2nd se stabile\u0219te colaborarea, v\u0103 rug\u0103m s\u0103 ne contacta\u021bi la <a href=\"mailto:Andra@dozadecomunicare.ro\">andra@dozadecomunicare.ro<\/a>.<\/p>\n\n\n\n<p><\/p>\n","protected":false},"excerpt":{"rendered":"<p>Prin utilizarea acestui site, to\u021bi ce implica\u021bi (agen\u021bii sau companii) accept\u0103 s\u0103 respecte urm\u0103torul regulament: 1. Responsabilitate&nbsp; 1.1.&nbsp;Platforma Romania, Back to Business, Evensys \u0219i Doza de Comunicare asigur\u0103 doar intermedierea rela\u021biei dintre agen\u021bie \u0219i business \u0219i nu garanteaz\u0103 finalitatea \u0219i continuitatea serviciilor.&nbsp; 1.2.Platforma Romania, Back to Business, Evensys \u0219i Doza de Comunicare se implic\u0103 doar [&hellip;]<\/p>\n","protected":false},"author":1,"featured_media":0,"parent":0,"menu_order":0,"comment_status":"closed","ping_status":"closed","template":"","meta":[],"_links":{"self":[{"href":"https:\/\/www.backtobusiness.ro\/marketingforgood\/wp-json\/wp\/v2\/pages\/139"}],"collection":[{"href":"https:\/\/www.backtobusiness.ro\/marketingforgood\/wp-json\/wp\/v2\/pages"}],"about":[{"href":"https:\/\/www.backtobusiness.ro\/marketingforgood\/wp-json\/wp\/v2\/types\/page"}],"author":[{"embeddable":true,"href":"https:\/\/www.backtobusiness.ro\/marketingforgood\/wp-json\/wp\/v2\/users\/1"}],"replies":[{"embeddable":true,"href":"https:\/\/www.backtobusiness.ro\/marketingforgood\/wp-json\/wp\/v2\/comments?post=139"}],"version-history":[{"count":6,"href":"https:\/\/www.backtobusiness.ro\/marketingforgood\/wp-json\/wp\/v2\/pages\/139\/revisions"}],"predecessor-version":[{"id":456,"href":"https:\/\/www.backtobusiness.ro\/marketingforgood\/wp-json\/wp\/v2\/pages\/139\/revisions\/456"}],"wp:attachment":[{"href":"https:\/\/www.backtobusiness.ro\/marketingforgood\/wp-json\/wp\/v2\/media?parent=139"}],"curies":[{"name":"wp","href":"https:\/\/api.w.org\/{rel}","templated":true}]}}